{"id":872,"date":"2022-08-12T06:29:55","date_gmt":"2022-08-12T06:29:55","guid":{"rendered":"https:\/\/demo.athemes.com\/sydney-fashion\/?page_id=6"},"modified":"2023-11-11T02:26:03","modified_gmt":"2023-11-11T02:26:03","slug":"my-front-page","status":"publish","type":"page","link":"https:\/\/rococoalternativo.com\/","title":{"rendered":"Inicio"},"content":{"rendered":"<style>\/*! elementor - v3.16.0 - 20-09-2023 *\/\n.elementor-widget-image-carousel .swiper,.elementor-widget-image-carousel .swiper-container{position:static}.elementor-widget-image-carousel .swiper-container .swiper-slide figure,.elementor-widget-image-carousel .swiper .swiper-slide figure{line-height:inherit}.elementor-widget-image-carousel .swiper-slide{text-align:center}.elementor-image-carousel-wrapper:not(.swiper-container-initialized):not(.swiper-initialized) .swiper-slide{max-width:calc(100% \/ var(--e-image-carousel-slides-to-show, 3))}<\/style>\n<figure><img decoding=\"async\" src=\"https:\/\/rococoalternativo.com\/wp-content\/uploads\/2023\/06\/01-SLIDER-min-scaled.jpg\" alt=\"01-SLIDER-min\" \/><\/figure>\n<figure><img decoding=\"async\" src=\"https:\/\/rococoalternativo.com\/wp-content\/uploads\/2023\/06\/02-SLIDER-min-scaled.jpg\" alt=\"02-SLIDER-min\" \/><\/figure>\n<figure><img decoding=\"async\" src=\"https:\/\/rococoalternativo.com\/wp-content\/uploads\/2023\/06\/03-SLIDER-min-scaled.jpg\" alt=\"03-SLIDER-min\" \/><\/figure>\n<p>\t\t\t<a href=\"https:\/\/rococoalternativo.com\/index.php\/tienda\/\"><br \/>\n\t\t\t\t\t\tHaz clic aqu\u00ed<br \/>\n\t\t\t\t\t<\/a><\/p>\n<style>\/*! elementor - v3.16.0 - 20-09-2023 *\/\n.elementor-column .elementor-spacer-inner{height:var(--spacer-size)}.e-con{--container-widget-width:100%}.e-con-inner>.elementor-widget-spacer,.e-con>.elementor-widget-spacer{width:var(--container-widget-width,var(--spacer-size));--align-self:var(--container-widget-align-self,initial);--flex-shrink:0}.e-con-inner>.elementor-widget-spacer>.elementor-widget-container,.e-con>.elementor-widget-spacer>.elementor-widget-container{height:100%;width:100%}.e-con-inner>.elementor-widget-spacer>.elementor-widget-container>.elementor-spacer,.e-con>.elementor-widget-spacer>.elementor-widget-container>.elementor-spacer{height:100%}.e-con-inner>.elementor-widget-spacer>.elementor-widget-container>.elementor-spacer>.elementor-spacer-inner,.e-con>.elementor-widget-spacer>.elementor-widget-container>.elementor-spacer>.elementor-spacer-inner{height:var(--container-widget-height,var(--spacer-size))}.e-con-inner>.elementor-widget-spacer.elementor-widget-empty,.e-con>.elementor-widget-spacer.elementor-widget-empty{position:relative;min-height:22px;min-width:22px}.e-con-inner>.elementor-widget-spacer.elementor-widget-empty .elementor-widget-empty-icon,.e-con>.elementor-widget-spacer.elementor-widget-empty .elementor-widget-empty-icon{position:absolute;top:0;bottom:0;left:0;right:0;margin:auto;padding:0;width:22px;height:22px}<\/style>\n<p>\t\t\t<a href=\"https:\/\/rococoalternativo.com\/index.php\/tienda\/\"><br \/>\n\t\t\t\t\t\tHaz clic aqu\u00ed<br \/>\n\t\t\t\t\t<\/a><\/p>\n<style>\/*! elementor - v3.16.0 - 20-09-2023 *\/\n.elementor-heading-title{padding:0;margin:0;line-height:1}.elementor-widget-heading .elementor-heading-title[class*=elementor-size-]>a{color:inherit;font-size:inherit;line-height:inherit}.elementor-widget-heading .elementor-heading-title.elementor-size-small{font-size:15px}.elementor-widget-heading .elementor-heading-title.elementor-size-medium{font-size:19px}.elementor-widget-heading .elementor-heading-title.elementor-size-large{font-size:29px}.elementor-widget-heading .elementor-heading-title.elementor-size-xl{font-size:39px}.elementor-widget-heading .elementor-heading-title.elementor-size-xxl{font-size:59px}<\/style>\n<h2>Nuestros accesorios<\/h2>\n<figure><img decoding=\"async\" src=\"https:\/\/rococoalternativo.com\/wp-content\/uploads\/2023\/06\/18-AGENDAS-min-150x150.jpg\" alt=\"Agendas\" \/><figcaption>Agendas<\/figcaption><\/figure>\n<figure><img decoding=\"async\" src=\"https:\/\/rococoalternativo.com\/wp-content\/uploads\/2023\/06\/17-TOPITOS-min-150x150.png\" alt=\"Topitos\" \/><figcaption>Topitos<\/figcaption><\/figure>\n<figure><img decoding=\"async\" src=\"https:\/\/rococoalternativo.com\/wp-content\/uploads\/2023\/06\/16-PORTAGAFAS-min-150x150.png\" alt=\"Portagafas\" \/><figcaption>Portagafas<\/figcaption><\/figure>\n<figure><img decoding=\"async\" src=\"https:\/\/rococoalternativo.com\/wp-content\/uploads\/2023\/06\/13-MONEDEROS-min-150x150.png\" alt=\"Monederos\" \/><figcaption>Monederos<\/figcaption><\/figure>\n<figure><img decoding=\"async\" src=\"https:\/\/rococoalternativo.com\/wp-content\/uploads\/2023\/06\/12-MARCAPAGINAS-min-150x150.png\" alt=\"Marcap\u00e1ginas\" \/><figcaption>Marcap\u00e1ginas<\/figcaption><\/figure>\n<figure><img decoding=\"async\" src=\"https:\/\/rococoalternativo.com\/wp-content\/uploads\/2023\/06\/11-LLAVEROS-min-150x150.png\" alt=\"Llaveros\" \/><figcaption>Llaveros<\/figcaption><\/figure>\n<figure><img decoding=\"async\" src=\"https:\/\/rococoalternativo.com\/wp-content\/uploads\/2023\/06\/10-HAIR-CLIPS-min-150x150.png\" alt=\"Hair Clips\" \/><figcaption>Hair Clips<\/figcaption><\/figure>\n<figure><img decoding=\"async\" src=\"https:\/\/rococoalternativo.com\/wp-content\/uploads\/2023\/06\/09-ESTUCHES-min-150x150.png\" alt=\"Estuches\" \/><figcaption>Estuches<\/figcaption><\/figure>\n<figure><img decoding=\"async\" src=\"https:\/\/rococoalternativo.com\/wp-content\/uploads\/2023\/06\/08-CONJUNTOS-min-150x150.png\" alt=\"Conjuntos\" \/><figcaption>Conjuntos<\/figcaption><\/figure>\n<figure><img decoding=\"async\" src=\"https:\/\/rococoalternativo.com\/wp-content\/uploads\/2023\/06\/07-CLUTCH-BAG-min-150x150.jpg\" alt=\"Clutch Bag\" \/><figcaption>Clutch Bag<\/figcaption><\/figure>\n<figure><img decoding=\"async\" src=\"https:\/\/rococoalternativo.com\/wp-content\/uploads\/2023\/06\/06-ARETES-min-150x150.png\" alt=\"Aretes\" \/><figcaption>Aretes<\/figcaption><\/figure>\n<figure><img decoding=\"async\" src=\"https:\/\/rococoalternativo.com\/wp-content\/uploads\/2023\/06\/05-ANILLOS-min-150x150.png\" alt=\"Anillos\" \/><figcaption>Anillos<\/figcaption><\/figure>\n<figure><img decoding=\"async\" src=\"https:\/\/rococoalternativo.com\/wp-content\/uploads\/2023\/06\/04-EARCUFFS-min-150x150.png\" alt=\"Earcuffs\" \/><figcaption>Earcuffs<\/figcaption><\/figure>\n<figure><img decoding=\"async\" src=\"https:\/\/rococoalternativo.com\/wp-content\/uploads\/2023\/11\/Sin-titulo-12-150x150.png\" alt=\"Organizadores\" \/><figcaption>Organizadores<\/figcaption><\/figure>\n<figure><img decoding=\"async\" src=\"https:\/\/rococoalternativo.com\/wp-content\/uploads\/2023\/11\/BILLETERAS-min-150x150.png\" alt=\"Billeteras\" \/><figcaption>Billeteras<\/figcaption><\/figure>\n<figure><img decoding=\"async\" src=\"https:\/\/rococoalternativo.com\/wp-content\/uploads\/2023\/11\/Sin-titulo-1-150x150.png\" alt=\"Portadocumentos\" \/><figcaption>Portadocumentos<\/figcaption><\/figure>\n<figure><img decoding=\"async\" src=\"https:\/\/rococoalternativo.com\/wp-content\/uploads\/2023\/11\/Sin-titulo-13-1-150x150.png\" alt=\"Para ellos\" \/><figcaption>Para ellos<\/figcaption><\/figure>\n<style>\/*! elementor - v3.16.0 - 20-09-2023 *\/\n.elementor-widget-image{text-align:center}.elementor-widget-image a{display:inline-block}.elementor-widget-image a img[src$=\".svg\"]{width:48px}.elementor-widget-image img{vertical-align:middle;display:inline-block}<\/style>\n<p>\t\t\t\t\t\t\t\t\t\t\t\t<img decoding=\"async\" width=\"2560\" height=\"1707\" src=\"https:\/\/rococoalternativo.com\/wp-content\/uploads\/2023\/06\/19-IMAGEN-TEXTO-DE-BIENVENIDA-min-scaled.jpg\" alt=\"\" loading=\"lazy\" srcset=\"https:\/\/rococoalternativo.com\/wp-content\/uploads\/2023\/06\/19-IMAGEN-TEXTO-DE-BIENVENIDA-min-scaled.jpg 2560w, https:\/\/rococoalternativo.com\/wp-content\/uploads\/2023\/06\/19-IMAGEN-TEXTO-DE-BIENVENIDA-min-scaled-420x280.jpg 420w, https:\/\/rococoalternativo.com\/wp-content\/uploads\/2023\/06\/19-IMAGEN-TEXTO-DE-BIENVENIDA-min-scaled-800x533.jpg 800w, https:\/\/rococoalternativo.com\/wp-content\/uploads\/2023\/06\/19-IMAGEN-TEXTO-DE-BIENVENIDA-min-300x200.jpg 300w, https:\/\/rococoalternativo.com\/wp-content\/uploads\/2023\/06\/19-IMAGEN-TEXTO-DE-BIENVENIDA-min-1024x683.jpg 1024w, https:\/\/rococoalternativo.com\/wp-content\/uploads\/2023\/06\/19-IMAGEN-TEXTO-DE-BIENVENIDA-min-768x512.jpg 768w, https:\/\/rococoalternativo.com\/wp-content\/uploads\/2023\/06\/19-IMAGEN-TEXTO-DE-BIENVENIDA-min-1536x1024.jpg 1536w, https:\/\/rococoalternativo.com\/wp-content\/uploads\/2023\/06\/19-IMAGEN-TEXTO-DE-BIENVENIDA-min-2048x1365.jpg 2048w, https:\/\/rococoalternativo.com\/wp-content\/uploads\/2023\/06\/19-IMAGEN-TEXTO-DE-BIENVENIDA-min-1000x667.jpg 1000w, https:\/\/rococoalternativo.com\/wp-content\/uploads\/2023\/06\/19-IMAGEN-TEXTO-DE-BIENVENIDA-min-230x153.jpg 230w, https:\/\/rococoalternativo.com\/wp-content\/uploads\/2023\/06\/19-IMAGEN-TEXTO-DE-BIENVENIDA-min-350x233.jpg 350w, https:\/\/rococoalternativo.com\/wp-content\/uploads\/2023\/06\/19-IMAGEN-TEXTO-DE-BIENVENIDA-min-480x320.jpg 480w\" sizes=\"(max-width: 2560px) 100vw, 2560px\" \/>\t\t\t\t\t\t\t\t\t\t\t\t\t\t\t<\/p>\n<p><strong>Somos diversidad, originalidad y creatividad.<br \/>\u00a1Somos un sue\u00f1o haci\u00e9ndose realidad!<\/strong><\/p>\n<p>El trabajo hecho a mano hace que cada uno de nuestros productos este lleno de vida e historia. A trav\u00e9s del upcycling damos valor a retazos olvidados convirti\u00e9ndolos en art\u00edculos de verdadero lujo artesanal. Combinamos el cuero, material duradero y liviano con herrajes en acero ba\u00f1ados en oro y plata. \u00a1Como resultado obtenemos productos \u00fanicos llenos de amor!<\/p>\n<h5>100% Hecho a mano<\/h5>\n<p>\t\t\tMarroquiner\u00eda &amp; bisuter\u00eda artesanal \t\t<\/p>\n<h5>Env\u00edos<\/h5>\n<p>\t\t\tA toda Colombia\t\t<\/p>\n<h5>La mejor calidad<\/h5>\n<p>\t\t\tCuero bovino e insumos nacionales\t\t<\/p>\n<h2>\u00danete a nuestra comunidad<\/h2>\n<p>S\u00edguenos en Instagram\u00a0<\/p>\n<p>\t\t\t<a href=\"https:\/\/www.instagram.com\/rococoalternativo\/\"><br \/>\n\t\t\t\t\t\t@rococoalternativo<br \/>\n\t\t\t\t\t<\/a><\/p>\n<style>\/*! elementor - v3.16.0 - 20-09-2023 *\/\n.elementor-image-gallery .gallery-item{display:inline-block;text-align:center;vertical-align:top;width:100%;max-width:100%;margin:0 auto}.elementor-image-gallery .gallery-item img{margin:0 auto}.elementor-image-gallery .gallery-item .gallery-caption{margin:0}.elementor-image-gallery figure img{display:block}.elementor-image-gallery figure figcaption{width:100%}.gallery-spacing-custom .elementor-image-gallery .gallery-icon{padding:0}@media (min-width:768px){.elementor-image-gallery .gallery-columns-2 .gallery-item{max-width:50%}.elementor-image-gallery .gallery-columns-3 .gallery-item{max-width:33.33%}.elementor-image-gallery .gallery-columns-4 .gallery-item{max-width:25%}.elementor-image-gallery .gallery-columns-5 .gallery-item{max-width:20%}.elementor-image-gallery .gallery-columns-6 .gallery-item{max-width:16.666%}.elementor-image-gallery .gallery-columns-7 .gallery-item{max-width:14.28%}.elementor-image-gallery .gallery-columns-8 .gallery-item{max-width:12.5%}.elementor-image-gallery .gallery-columns-9 .gallery-item{max-width:11.11%}.elementor-image-gallery .gallery-columns-10 .gallery-item{max-width:10%}}@media (min-width:480px) and (max-width:767px){.elementor-image-gallery .gallery.gallery-columns-2 .gallery-item,.elementor-image-gallery .gallery.gallery-columns-3 .gallery-item,.elementor-image-gallery .gallery.gallery-columns-4 .gallery-item,.elementor-image-gallery .gallery.gallery-columns-5 .gallery-item,.elementor-image-gallery .gallery.gallery-columns-6 .gallery-item,.elementor-image-gallery .gallery.gallery-columns-7 .gallery-item,.elementor-image-gallery .gallery.gallery-columns-8 .gallery-item,.elementor-image-gallery .gallery.gallery-columns-9 .gallery-item,.elementor-image-gallery .gallery.gallery-columns-10 .gallery-item{max-width:50%}}@media (max-width:479px){.elementor-image-gallery .gallery.gallery-columns-2 .gallery-item,.elementor-image-gallery .gallery.gallery-columns-3 .gallery-item,.elementor-image-gallery .gallery.gallery-columns-4 .gallery-item,.elementor-image-gallery .gallery.gallery-columns-5 .gallery-item,.elementor-image-gallery .gallery.gallery-columns-6 .gallery-item,.elementor-image-gallery .gallery.gallery-columns-7 .gallery-item,.elementor-image-gallery .gallery.gallery-columns-8 .gallery-item,.elementor-image-gallery .gallery.gallery-columns-9 .gallery-item,.elementor-image-gallery .gallery.gallery-columns-10 .gallery-item{max-width:100%}}<\/style>\n<figure class='gallery-item'>\n\t\t\t\t<a data-elementor-open-lightbox=\"yes\" data-elementor-lightbox-slideshow=\"fe36d1e\" data-elementor-lightbox-title=\"26-INSTAGRAM-min\" data-e-action-hash=\"#elementor-action%3Aaction%3Dlightbox%26settings%3DeyJpZCI6MTA0NCwidXJsIjoiaHR0cHM6XC9cL3JvY29jb2FsdGVybmF0aXZvLmNvbVwvd3AtY29udGVudFwvdXBsb2Fkc1wvMjAyM1wvMDZcLzI2LUlOU1RBR1JBTS1taW4tc2NhbGVkLmpwZyIsInNsaWRlc2hvdyI6ImZlMzZkMWUifQ%3D%3D\" href='https:\/\/rococoalternativo.com\/wp-content\/uploads\/2023\/06\/26-INSTAGRAM-min-scaled.jpg'><img width=\"169\" height=\"300\" src=\"https:\/\/rococoalternativo.com\/wp-content\/uploads\/2023\/06\/26-INSTAGRAM-min-169x300.jpg\" alt=\"\" decoding=\"async\" loading=\"lazy\" srcset=\"https:\/\/rococoalternativo.com\/wp-content\/uploads\/2023\/06\/26-INSTAGRAM-min-169x300.jpg 169w, https:\/\/rococoalternativo.com\/wp-content\/uploads\/2023\/06\/26-INSTAGRAM-min-scaled-420x747.jpg 420w, https:\/\/rococoalternativo.com\/wp-content\/uploads\/2023\/06\/26-INSTAGRAM-min-scaled-800x1423.jpg 800w, https:\/\/rococoalternativo.com\/wp-content\/uploads\/2023\/06\/26-INSTAGRAM-min-576x1024.jpg 576w, https:\/\/rococoalternativo.com\/wp-content\/uploads\/2023\/06\/26-INSTAGRAM-min-768x1366.jpg 768w, https:\/\/rococoalternativo.com\/wp-content\/uploads\/2023\/06\/26-INSTAGRAM-min-864x1536.jpg 864w, https:\/\/rococoalternativo.com\/wp-content\/uploads\/2023\/06\/26-INSTAGRAM-min-1152x2048.jpg 1152w, https:\/\/rococoalternativo.com\/wp-content\/uploads\/2023\/06\/26-INSTAGRAM-min-1000x1779.jpg 1000w, https:\/\/rococoalternativo.com\/wp-content\/uploads\/2023\/06\/26-INSTAGRAM-min-230x409.jpg 230w, https:\/\/rococoalternativo.com\/wp-content\/uploads\/2023\/06\/26-INSTAGRAM-min-350x622.jpg 350w, https:\/\/rococoalternativo.com\/wp-content\/uploads\/2023\/06\/26-INSTAGRAM-min-480x854.jpg 480w, https:\/\/rococoalternativo.com\/wp-content\/uploads\/2023\/06\/26-INSTAGRAM-min-scaled.jpg 1439w\" sizes=\"(max-width: 169px) 100vw, 169px\" \/><\/a><br \/>\n\t\t\t<\/figure>\n<figure class='gallery-item'>\n\t\t\t\t<a data-elementor-open-lightbox=\"yes\" data-elementor-lightbox-slideshow=\"fe36d1e\" data-elementor-lightbox-title=\"25-INSTAGRAM-min\" data-e-action-hash=\"#elementor-action%3Aaction%3Dlightbox%26settings%3DeyJpZCI6MTA0MywidXJsIjoiaHR0cHM6XC9cL3JvY29jb2FsdGVybmF0aXZvLmNvbVwvd3AtY29udGVudFwvdXBsb2Fkc1wvMjAyM1wvMDZcLzI1LUlOU1RBR1JBTS1taW4tc2NhbGVkLmpwZyIsInNsaWRlc2hvdyI6ImZlMzZkMWUifQ%3D%3D\" href='https:\/\/rococoalternativo.com\/wp-content\/uploads\/2023\/06\/25-INSTAGRAM-min-scaled.jpg'><img width=\"169\" height=\"300\" src=\"https:\/\/rococoalternativo.com\/wp-content\/uploads\/2023\/06\/25-INSTAGRAM-min-169x300.jpg\" alt=\"\" decoding=\"async\" loading=\"lazy\" srcset=\"https:\/\/rococoalternativo.com\/wp-content\/uploads\/2023\/06\/25-INSTAGRAM-min-169x300.jpg 169w, https:\/\/rococoalternativo.com\/wp-content\/uploads\/2023\/06\/25-INSTAGRAM-min-scaled-420x747.jpg 420w, https:\/\/rococoalternativo.com\/wp-content\/uploads\/2023\/06\/25-INSTAGRAM-min-scaled-800x1423.jpg 800w, https:\/\/rococoalternativo.com\/wp-content\/uploads\/2023\/06\/25-INSTAGRAM-min-576x1024.jpg 576w, https:\/\/rococoalternativo.com\/wp-content\/uploads\/2023\/06\/25-INSTAGRAM-min-768x1366.jpg 768w, https:\/\/rococoalternativo.com\/wp-content\/uploads\/2023\/06\/25-INSTAGRAM-min-864x1536.jpg 864w, https:\/\/rococoalternativo.com\/wp-content\/uploads\/2023\/06\/25-INSTAGRAM-min-1152x2048.jpg 1152w, https:\/\/rococoalternativo.com\/wp-content\/uploads\/2023\/06\/25-INSTAGRAM-min-1000x1779.jpg 1000w, https:\/\/rococoalternativo.com\/wp-content\/uploads\/2023\/06\/25-INSTAGRAM-min-230x409.jpg 230w, https:\/\/rococoalternativo.com\/wp-content\/uploads\/2023\/06\/25-INSTAGRAM-min-350x622.jpg 350w, https:\/\/rococoalternativo.com\/wp-content\/uploads\/2023\/06\/25-INSTAGRAM-min-480x854.jpg 480w, https:\/\/rococoalternativo.com\/wp-content\/uploads\/2023\/06\/25-INSTAGRAM-min-scaled.jpg 1439w\" sizes=\"(max-width: 169px) 100vw, 169px\" \/><\/a><br \/>\n\t\t\t<\/figure>\n<figure class='gallery-item'>\n\t\t\t\t<a data-elementor-open-lightbox=\"yes\" data-elementor-lightbox-slideshow=\"fe36d1e\" data-elementor-lightbox-title=\"24-INSTAGRAM-min\" data-e-action-hash=\"#elementor-action%3Aaction%3Dlightbox%26settings%3DeyJpZCI6MTA0MSwidXJsIjoiaHR0cHM6XC9cL3JvY29jb2FsdGVybmF0aXZvLmNvbVwvd3AtY29udGVudFwvdXBsb2Fkc1wvMjAyM1wvMDZcLzI0LUlOU1RBR1JBTS1taW4tc2NhbGVkLmpwZyIsInNsaWRlc2hvdyI6ImZlMzZkMWUifQ%3D%3D\" href='https:\/\/rococoalternativo.com\/wp-content\/uploads\/2023\/06\/24-INSTAGRAM-min-scaled.jpg'><img width=\"169\" height=\"300\" src=\"https:\/\/rococoalternativo.com\/wp-content\/uploads\/2023\/06\/24-INSTAGRAM-min-169x300.jpg\" alt=\"\" decoding=\"async\" loading=\"lazy\" srcset=\"https:\/\/rococoalternativo.com\/wp-content\/uploads\/2023\/06\/24-INSTAGRAM-min-169x300.jpg 169w, https:\/\/rococoalternativo.com\/wp-content\/uploads\/2023\/06\/24-INSTAGRAM-min-scaled-420x747.jpg 420w, https:\/\/rococoalternativo.com\/wp-content\/uploads\/2023\/06\/24-INSTAGRAM-min-scaled-800x1423.jpg 800w, https:\/\/rococoalternativo.com\/wp-content\/uploads\/2023\/06\/24-INSTAGRAM-min-576x1024.jpg 576w, https:\/\/rococoalternativo.com\/wp-content\/uploads\/2023\/06\/24-INSTAGRAM-min-768x1366.jpg 768w, https:\/\/rococoalternativo.com\/wp-content\/uploads\/2023\/06\/24-INSTAGRAM-min-864x1536.jpg 864w, https:\/\/rococoalternativo.com\/wp-content\/uploads\/2023\/06\/24-INSTAGRAM-min-1152x2048.jpg 1152w, https:\/\/rococoalternativo.com\/wp-content\/uploads\/2023\/06\/24-INSTAGRAM-min-1000x1779.jpg 1000w, https:\/\/rococoalternativo.com\/wp-content\/uploads\/2023\/06\/24-INSTAGRAM-min-230x409.jpg 230w, https:\/\/rococoalternativo.com\/wp-content\/uploads\/2023\/06\/24-INSTAGRAM-min-350x622.jpg 350w, https:\/\/rococoalternativo.com\/wp-content\/uploads\/2023\/06\/24-INSTAGRAM-min-480x854.jpg 480w, https:\/\/rococoalternativo.com\/wp-content\/uploads\/2023\/06\/24-INSTAGRAM-min-scaled.jpg 1439w\" sizes=\"(max-width: 169px) 100vw, 169px\" \/><\/a><br \/>\n\t\t\t<\/figure>\n<figure class='gallery-item'>\n\t\t\t\t<a data-elementor-open-lightbox=\"yes\" data-elementor-lightbox-slideshow=\"fe36d1e\" data-elementor-lightbox-title=\"23-INSTAGRAM-min\" data-e-action-hash=\"#elementor-action%3Aaction%3Dlightbox%26settings%3DeyJpZCI6MTA0MCwidXJsIjoiaHR0cHM6XC9cL3JvY29jb2FsdGVybmF0aXZvLmNvbVwvd3AtY29udGVudFwvdXBsb2Fkc1wvMjAyM1wvMDZcLzIzLUlOU1RBR1JBTS1taW4tc2NhbGVkLmpwZyIsInNsaWRlc2hvdyI6ImZlMzZkMWUifQ%3D%3D\" href='https:\/\/rococoalternativo.com\/wp-content\/uploads\/2023\/06\/23-INSTAGRAM-min-scaled.jpg'><img width=\"169\" height=\"300\" src=\"https:\/\/rococoalternativo.com\/wp-content\/uploads\/2023\/06\/23-INSTAGRAM-min-169x300.jpg\" alt=\"\" decoding=\"async\" loading=\"lazy\" srcset=\"https:\/\/rococoalternativo.com\/wp-content\/uploads\/2023\/06\/23-INSTAGRAM-min-169x300.jpg 169w, https:\/\/rococoalternativo.com\/wp-content\/uploads\/2023\/06\/23-INSTAGRAM-min-scaled-420x747.jpg 420w, https:\/\/rococoalternativo.com\/wp-content\/uploads\/2023\/06\/23-INSTAGRAM-min-scaled-800x1423.jpg 800w, https:\/\/rococoalternativo.com\/wp-content\/uploads\/2023\/06\/23-INSTAGRAM-min-576x1024.jpg 576w, https:\/\/rococoalternativo.com\/wp-content\/uploads\/2023\/06\/23-INSTAGRAM-min-768x1366.jpg 768w, https:\/\/rococoalternativo.com\/wp-content\/uploads\/2023\/06\/23-INSTAGRAM-min-864x1536.jpg 864w, https:\/\/rococoalternativo.com\/wp-content\/uploads\/2023\/06\/23-INSTAGRAM-min-1152x2048.jpg 1152w, https:\/\/rococoalternativo.com\/wp-content\/uploads\/2023\/06\/23-INSTAGRAM-min-1000x1779.jpg 1000w, https:\/\/rococoalternativo.com\/wp-content\/uploads\/2023\/06\/23-INSTAGRAM-min-230x409.jpg 230w, https:\/\/rococoalternativo.com\/wp-content\/uploads\/2023\/06\/23-INSTAGRAM-min-350x622.jpg 350w, https:\/\/rococoalternativo.com\/wp-content\/uploads\/2023\/06\/23-INSTAGRAM-min-480x854.jpg 480w, https:\/\/rococoalternativo.com\/wp-content\/uploads\/2023\/06\/23-INSTAGRAM-min-scaled.jpg 1439w\" sizes=\"(max-width: 169px) 100vw, 169px\" \/><\/a><br \/>\n\t\t\t<\/figure>\n<figure class='gallery-item'>\n\t\t\t\t<a data-elementor-open-lightbox=\"yes\" data-elementor-lightbox-slideshow=\"fe36d1e\" data-elementor-lightbox-title=\"28-INSTAGRAM-min\" data-e-action-hash=\"#elementor-action%3Aaction%3Dlightbox%26settings%3DeyJpZCI6MTAzOSwidXJsIjoiaHR0cHM6XC9cL3JvY29jb2FsdGVybmF0aXZvLmNvbVwvd3AtY29udGVudFwvdXBsb2Fkc1wvMjAyM1wvMDZcLzI4LUlOU1RBR1JBTS1taW4tc2NhbGVkLmpwZyIsInNsaWRlc2hvdyI6ImZlMzZkMWUifQ%3D%3D\" href='https:\/\/rococoalternativo.com\/wp-content\/uploads\/2023\/06\/28-INSTAGRAM-min-scaled.jpg'><img width=\"169\" height=\"300\" src=\"https:\/\/rococoalternativo.com\/wp-content\/uploads\/2023\/06\/28-INSTAGRAM-min-169x300.jpg\" alt=\"\" decoding=\"async\" loading=\"lazy\" srcset=\"https:\/\/rococoalternativo.com\/wp-content\/uploads\/2023\/06\/28-INSTAGRAM-min-169x300.jpg 169w, https:\/\/rococoalternativo.com\/wp-content\/uploads\/2023\/06\/28-INSTAGRAM-min-scaled-420x747.jpg 420w, https:\/\/rococoalternativo.com\/wp-content\/uploads\/2023\/06\/28-INSTAGRAM-min-scaled-800x1423.jpg 800w, https:\/\/rococoalternativo.com\/wp-content\/uploads\/2023\/06\/28-INSTAGRAM-min-576x1024.jpg 576w, https:\/\/rococoalternativo.com\/wp-content\/uploads\/2023\/06\/28-INSTAGRAM-min-768x1366.jpg 768w, https:\/\/rococoalternativo.com\/wp-content\/uploads\/2023\/06\/28-INSTAGRAM-min-864x1536.jpg 864w, https:\/\/rococoalternativo.com\/wp-content\/uploads\/2023\/06\/28-INSTAGRAM-min-1152x2048.jpg 1152w, https:\/\/rococoalternativo.com\/wp-content\/uploads\/2023\/06\/28-INSTAGRAM-min-1000x1779.jpg 1000w, https:\/\/rococoalternativo.com\/wp-content\/uploads\/2023\/06\/28-INSTAGRAM-min-230x409.jpg 230w, https:\/\/rococoalternativo.com\/wp-content\/uploads\/2023\/06\/28-INSTAGRAM-min-350x622.jpg 350w, https:\/\/rococoalternativo.com\/wp-content\/uploads\/2023\/06\/28-INSTAGRAM-min-480x854.jpg 480w, https:\/\/rococoalternativo.com\/wp-content\/uploads\/2023\/06\/28-INSTAGRAM-min-scaled.jpg 1439w\" sizes=\"(max-width: 169px) 100vw, 169px\" \/><\/a><br \/>\n\t\t\t<\/figure>\n<figure class='gallery-item'>\n\t\t\t\t<a data-elementor-open-lightbox=\"yes\" data-elementor-lightbox-slideshow=\"fe36d1e\" data-elementor-lightbox-title=\"27-INSTAGRAM-min\" data-e-action-hash=\"#elementor-action%3Aaction%3Dlightbox%26settings%3DeyJpZCI6MTAzOCwidXJsIjoiaHR0cHM6XC9cL3JvY29jb2FsdGVybmF0aXZvLmNvbVwvd3AtY29udGVudFwvdXBsb2Fkc1wvMjAyM1wvMDZcLzI3LUlOU1RBR1JBTS1taW4tc2NhbGVkLmpwZyIsInNsaWRlc2hvdyI6ImZlMzZkMWUifQ%3D%3D\" href='https:\/\/rococoalternativo.com\/wp-content\/uploads\/2023\/06\/27-INSTAGRAM-min-scaled.jpg'><img width=\"169\" height=\"300\" src=\"https:\/\/rococoalternativo.com\/wp-content\/uploads\/2023\/06\/27-INSTAGRAM-min-169x300.jpg\" alt=\"\" decoding=\"async\" loading=\"lazy\" srcset=\"https:\/\/rococoalternativo.com\/wp-content\/uploads\/2023\/06\/27-INSTAGRAM-min-169x300.jpg 169w, https:\/\/rococoalternativo.com\/wp-content\/uploads\/2023\/06\/27-INSTAGRAM-min-scaled-420x747.jpg 420w, https:\/\/rococoalternativo.com\/wp-content\/uploads\/2023\/06\/27-INSTAGRAM-min-scaled-800x1423.jpg 800w, https:\/\/rococoalternativo.com\/wp-content\/uploads\/2023\/06\/27-INSTAGRAM-min-576x1024.jpg 576w, https:\/\/rococoalternativo.com\/wp-content\/uploads\/2023\/06\/27-INSTAGRAM-min-768x1366.jpg 768w, https:\/\/rococoalternativo.com\/wp-content\/uploads\/2023\/06\/27-INSTAGRAM-min-864x1536.jpg 864w, https:\/\/rococoalternativo.com\/wp-content\/uploads\/2023\/06\/27-INSTAGRAM-min-1152x2048.jpg 1152w, https:\/\/rococoalternativo.com\/wp-content\/uploads\/2023\/06\/27-INSTAGRAM-min-1000x1779.jpg 1000w, https:\/\/rococoalternativo.com\/wp-content\/uploads\/2023\/06\/27-INSTAGRAM-min-230x409.jpg 230w, https:\/\/rococoalternativo.com\/wp-content\/uploads\/2023\/06\/27-INSTAGRAM-min-350x622.jpg 350w, https:\/\/rococoalternativo.com\/wp-content\/uploads\/2023\/06\/27-INSTAGRAM-min-480x854.jpg 480w, https:\/\/rococoalternativo.com\/wp-content\/uploads\/2023\/06\/27-INSTAGRAM-min-scaled.jpg 1439w\" sizes=\"(max-width: 169px) 100vw, 169px\" \/><\/a><br \/>\n\t\t\t<\/figure>\n<p>[Best_Wordpress_Gallery id=&#8221;9&#8243; gal_title=&#8221;Fotos Instagram Versi\u00f3n m\u00f3vil&#8221;]<\/p>\n","protected":false},"excerpt":{"rendered":"<p>Haz clic aqu\u00ed Haz clic aqu\u00ed Nuestros accesorios Agendas Topitos Portagafas Monederos Marcap\u00e1ginas Llaveros Hair Clips Estuches Conjuntos Clutch Bag Aretes Anillos [&hellip;]<\/p>\n","protected":false},"author":1,"featured_media":0,"parent":0,"menu_order":0,"comment_status":"closed","ping_status":"closed","template":"elementor_header_footer","meta":{"_joinchat":[],"footnotes":""},"class_list":["post-872","page","type-page","status-publish","hentry"],"_links":{"self":[{"href":"https:\/\/rococoalternativo.com\/index.php\/wp-json\/wp\/v2\/pages\/872"}],"collection":[{"href":"https:\/\/rococoalternativo.com\/index.php\/wp-json\/wp\/v2\/pages"}],"about":[{"href":"https:\/\/rococoalternativo.com\/index.php\/wp-json\/wp\/v2\/types\/page"}],"author":[{"embeddable":true,"href":"https:\/\/rococoalternativo.com\/index.php\/wp-json\/wp\/v2\/users\/1"}],"replies":[{"embeddable":true,"href":"https:\/\/rococoalternativo.com\/index.php\/wp-json\/wp\/v2\/comments?post=872"}],"version-history":[{"count":598,"href":"https:\/\/rococoalternativo.com\/index.php\/wp-json\/wp\/v2\/pages\/872\/revisions"}],"predecessor-version":[{"id":2838,"href":"https:\/\/rococoalternativo.com\/index.php\/wp-json\/wp\/v2\/pages\/872\/revisions\/2838"}],"wp:attachment":[{"href":"https:\/\/rococoalternativo.com\/index.php\/wp-json\/wp\/v2\/media?parent=872"}],"curies":[{"name":"wp","href":"https:\/\/api.w.org\/{rel}","templated":true}]}}