{"id":731,"date":"2022-08-16T10:28:02","date_gmt":"2022-08-16T10:28:02","guid":{"rendered":"https:\/\/demo.athemes.com\/sydney-fashion\/?page_id=731"},"modified":"2023-09-05T19:46:28","modified_gmt":"2023-09-05T19:46:28","slug":"nosotros","status":"publish","type":"page","link":"https:\/\/rococoalternativo.com\/index.php\/nosotros\/","title":{"rendered":"Nosotros"},"content":{"rendered":"<style>\/*! elementor - v3.15.0 - 20-08-2023 *\/\n.elementor-heading-title{padding:0;margin:0;line-height:1}.elementor-widget-heading .elementor-heading-title[class*=elementor-size-]>a{color:inherit;font-size:inherit;line-height:inherit}.elementor-widget-heading .elementor-heading-title.elementor-size-small{font-size:15px}.elementor-widget-heading .elementor-heading-title.elementor-size-medium{font-size:19px}.elementor-widget-heading .elementor-heading-title.elementor-size-large{font-size:29px}.elementor-widget-heading .elementor-heading-title.elementor-size-xl{font-size:39px}.elementor-widget-heading .elementor-heading-title.elementor-size-xxl{font-size:59px}<\/style>\n<h1>\u00a1Nos da alegr\u00eda que est\u00e9s aqu\u00ed y conozcas la historia de nuestro proyecto de vida! <\/h1>\n<style>\/*! elementor - v3.15.0 - 20-08-2023 *\/\n.elementor-column .elementor-spacer-inner{height:var(--spacer-size)}.e-con{--container-widget-width:100%}.e-con-inner>.elementor-widget-spacer,.e-con>.elementor-widget-spacer{width:var(--container-widget-width,var(--spacer-size));--align-self:var(--container-widget-align-self,initial);--flex-shrink:0}.e-con-inner>.elementor-widget-spacer>.elementor-widget-container,.e-con-inner>.elementor-widget-spacer>.elementor-widget-container>.elementor-spacer,.e-con>.elementor-widget-spacer>.elementor-widget-container,.e-con>.elementor-widget-spacer>.elementor-widget-container>.elementor-spacer{height:100%}.e-con-inner>.elementor-widget-spacer>.elementor-widget-container>.elementor-spacer>.elementor-spacer-inner,.e-con>.elementor-widget-spacer>.elementor-widget-container>.elementor-spacer>.elementor-spacer-inner{height:var(--container-widget-height,var(--spacer-size))}<\/style>\n<style>\/*! elementor - v3.15.0 - 20-08-2023 *\/\n.elementor-widget-image-carousel .swiper,.elementor-widget-image-carousel .swiper-container{position:static}.elementor-widget-image-carousel .swiper-container .swiper-slide figure,.elementor-widget-image-carousel .swiper .swiper-slide figure{line-height:inherit}.elementor-widget-image-carousel .swiper-slide{text-align:center}.elementor-image-carousel-wrapper:not(.swiper-container-initialized):not(.swiper-initialized) .swiper-slide{max-width:calc(100% \/ var(--e-image-carousel-slides-to-show, 3))}<\/style>\n<figure><img decoding=\"async\" src=\"https:\/\/rococoalternativo.com\/wp-content\/uploads\/2023\/06\/31-SLIDER-HISTORIA-min-766x1024.jpg\" alt=\"31-SLIDER HISTORIA-min\" \/><\/figure>\n<figure><img decoding=\"async\" src=\"https:\/\/rococoalternativo.com\/wp-content\/uploads\/2023\/06\/32-SLIDER-HISTORIA-min-766x1024.jpg\" alt=\"32-SLIDER HISTORIA-min\" \/><\/figure>\n<figure><img decoding=\"async\" src=\"https:\/\/rococoalternativo.com\/wp-content\/uploads\/2023\/06\/30-SLIDER-HISTORIA-min-766x1024.jpg\" alt=\"30-SLIDER HISTORIA-min\" \/><\/figure>\n<figure><img decoding=\"async\" src=\"https:\/\/rococoalternativo.com\/wp-content\/uploads\/2023\/06\/29-SLIDER-HISTORIA-min-766x1024.jpg\" alt=\"29-SLIDER HISTORIA-min\" \/><\/figure>\n<figure><img decoding=\"async\" src=\"https:\/\/rococoalternativo.com\/wp-content\/uploads\/2023\/06\/34-SLIDER-HISTORIA-min-766x1024.jpg\" alt=\"34-SLIDER HISTORIA-min\" \/><\/figure>\n<figure><img decoding=\"async\" src=\"https:\/\/rococoalternativo.com\/wp-content\/uploads\/2023\/06\/36-SLIDER-HISTORIA-min-766x1024.jpg\" alt=\"36-SLIDER HISTORIA-min\" \/><\/figure>\n<figure><img decoding=\"async\" src=\"https:\/\/rococoalternativo.com\/wp-content\/uploads\/2023\/06\/37-SLIDER-HISTORIA-min-766x1024.jpg\" alt=\"37-SLIDER HISTORIA-min\" \/><\/figure>\n<p>Rococo naci\u00f3 en el a\u00f1o 2017 movida por el amor de dar un regalo a mam\u00e1 que fuera tan \u00fanico y especial como ella. En ese momento y sin saberlo, se dio inicio a un gran sue\u00f1o.<\/p>\n<p>Desde entonces nos dedicamos a imaginar y crear con nuestras manos productos llenos de creatividad y color, siendo fieles a nuestra esencia: accesorios exclusivos hechos con el coraz\u00f3n.<\/p>\n<p>Nunca existir\u00e1 una mujer igual a otra, por eso\u00a0 sus<\/p>\n<h2>accesorios<\/h2>\n<p>tampoco deben serlo.<\/p>\n<style>\/*! elementor - v3.15.0 - 20-08-2023 *\/\n.elementor-widget-image{text-align:center}.elementor-widget-image a{display:inline-block}.elementor-widget-image a img[src$=\".svg\"]{width:48px}.elementor-widget-image img{vertical-align:middle;display:inline-block}<\/style>\n<p>\t\t\t\t\t\t\t\t\t\t\t\t<img decoding=\"async\" width=\"960\" height=\"1280\" src=\"https:\/\/rococoalternativo.com\/wp-content\/uploads\/2023\/08\/38-SOY-PAOLA-min.jpg\" alt=\"\" loading=\"lazy\" srcset=\"https:\/\/rococoalternativo.com\/wp-content\/uploads\/2023\/08\/38-SOY-PAOLA-min.jpg 960w, https:\/\/rococoalternativo.com\/wp-content\/uploads\/2023\/08\/38-SOY-PAOLA-min-225x300.jpg 225w, https:\/\/rococoalternativo.com\/wp-content\/uploads\/2023\/08\/38-SOY-PAOLA-min-768x1024.jpg 768w, https:\/\/rococoalternativo.com\/wp-content\/uploads\/2023\/08\/38-SOY-PAOLA-min-230x307.jpg 230w, https:\/\/rococoalternativo.com\/wp-content\/uploads\/2023\/08\/38-SOY-PAOLA-min-350x467.jpg 350w, https:\/\/rococoalternativo.com\/wp-content\/uploads\/2023\/08\/38-SOY-PAOLA-min-480x640.jpg 480w, https:\/\/rococoalternativo.com\/wp-content\/uploads\/2023\/08\/38-SOY-PAOLA-min-420x560.jpg 420w, https:\/\/rococoalternativo.com\/wp-content\/uploads\/2023\/08\/38-SOY-PAOLA-min-800x1067.jpg 800w\" sizes=\"(max-width: 960px) 100vw, 960px\" \/>\t\t\t\t\t\t\t\t\t\t\t\t\t\t\t<\/p>\n<h2>\u00a1Soy Paola!<\/h2>\n<p>Dise\u00f1adora Industrial, con un profundo amor por las artesan\u00edas. Desarrolle mi pasi\u00f3n y creatividad en Rococo.\u00a0 \u201cDesde el primer dise\u00f1o que hice, supe que a esto dedicar\u00eda mi vida. El cuero es un material tan noble que se puede transformar en lo que dicten tus sue\u00f1os\u201d<\/p>\n<p>\t\t\t\t\t\t\t\t\t\t\t\t\t\t\t<img decoding=\"async\" width=\"766\" height=\"1024\" src=\"https:\/\/rococoalternativo.com\/wp-content\/uploads\/2023\/08\/39-SOY-DAVID-min-766x1024.jpg\" alt=\"\" loading=\"lazy\" srcset=\"https:\/\/rococoalternativo.com\/wp-content\/uploads\/2023\/08\/39-SOY-DAVID-min-766x1024.jpg 766w, https:\/\/rococoalternativo.com\/wp-content\/uploads\/2023\/08\/39-SOY-DAVID-min-224x300.jpg 224w, https:\/\/rococoalternativo.com\/wp-content\/uploads\/2023\/08\/39-SOY-DAVID-min-768x1026.jpg 768w, https:\/\/rococoalternativo.com\/wp-content\/uploads\/2023\/08\/39-SOY-DAVID-min-1149x1536.jpg 1149w, https:\/\/rococoalternativo.com\/wp-content\/uploads\/2023\/08\/39-SOY-DAVID-min-1532x2048.jpg 1532w, https:\/\/rococoalternativo.com\/wp-content\/uploads\/2023\/08\/39-SOY-DAVID-min-1000x1336.jpg 1000w, https:\/\/rococoalternativo.com\/wp-content\/uploads\/2023\/08\/39-SOY-DAVID-min-230x307.jpg 230w, https:\/\/rococoalternativo.com\/wp-content\/uploads\/2023\/08\/39-SOY-DAVID-min-350x468.jpg 350w, https:\/\/rococoalternativo.com\/wp-content\/uploads\/2023\/08\/39-SOY-DAVID-min-480x641.jpg 480w, https:\/\/rococoalternativo.com\/wp-content\/uploads\/2023\/08\/39-SOY-DAVID-min-420x561.jpg 420w, https:\/\/rococoalternativo.com\/wp-content\/uploads\/2023\/08\/39-SOY-DAVID-min-800x1069.jpg 800w, https:\/\/rococoalternativo.com\/wp-content\/uploads\/2023\/08\/39-SOY-DAVID-min-scaled.jpg 1916w\" sizes=\"(max-width: 766px) 100vw, 766px\" \/>\t\t\t\t\t\t\t\t\t\t\t\t\t\t\t<\/p>\n<h2>\u00a1Soy David!<\/h2>\n<p>Chef de coraz\u00f3n y experto en servicio al cliente, con ganas de comerme el mundo. \u201cEncontr\u00e9 en Rococo la manera de construir un legado y dejar huella, de so\u00f1ar bonito y en grande, de ver como se materializan y crecen cada una de mis ideas\u201d<\/p>\n","protected":false},"excerpt":{"rendered":"<p>\u00a1Nos da alegr\u00eda que est\u00e9s aqu\u00ed y conozcas la historia de nuestro proyecto de vida! Rococo naci\u00f3 en el a\u00f1o 2017 movida [&hellip;]<\/p>\n","protected":false},"author":1,"featured_media":0,"parent":0,"menu_order":0,"comment_status":"closed","ping_status":"closed","template":"page-templates\/page_front-page.php","meta":{"_joinchat":[],"footnotes":""},"class_list":["post-731","page","type-page","status-publish","hentry"],"_links":{"self":[{"href":"https:\/\/rococoalternativo.com\/index.php\/wp-json\/wp\/v2\/pages\/731"}],"collection":[{"href":"https:\/\/rococoalternativo.com\/index.php\/wp-json\/wp\/v2\/pages"}],"about":[{"href":"https:\/\/rococoalternativo.com\/index.php\/wp-json\/wp\/v2\/types\/page"}],"author":[{"embeddable":true,"href":"https:\/\/rococoalternativo.com\/index.php\/wp-json\/wp\/v2\/users\/1"}],"replies":[{"embeddable":true,"href":"https:\/\/rococoalternativo.com\/index.php\/wp-json\/wp\/v2\/comments?post=731"}],"version-history":[{"count":190,"href":"https:\/\/rococoalternativo.com\/index.php\/wp-json\/wp\/v2\/pages\/731\/revisions"}],"predecessor-version":[{"id":2324,"href":"https:\/\/rococoalternativo.com\/index.php\/wp-json\/wp\/v2\/pages\/731\/revisions\/2324"}],"wp:attachment":[{"href":"https:\/\/rococoalternativo.com\/index.php\/wp-json\/wp\/v2\/media?parent=731"}],"curies":[{"name":"wp","href":"https:\/\/api.w.org\/{rel}","templated":true}]}}