{"id":3,"date":"2023-06-14T14:15:56","date_gmt":"2023-06-14T14:15:56","guid":{"rendered":"https:\/\/rococoalternativo.com\/?page_id=3"},"modified":"2023-09-05T19:22:27","modified_gmt":"2023-09-05T19:22:27","slug":"politica-de-privacidad","status":"publish","type":"page","link":"https:\/\/rococoalternativo.com\/index.php\/politica-de-privacidad\/","title":{"rendered":"Pol\u00edtica de privacidad"},"content":{"rendered":"<style>\/*! elementor - v3.15.0 - 20-08-2023 *\/\n.elementor-heading-title{padding:0;margin:0;line-height:1}.elementor-widget-heading .elementor-heading-title[class*=elementor-size-]>a{color:inherit;font-size:inherit;line-height:inherit}.elementor-widget-heading .elementor-heading-title.elementor-size-small{font-size:15px}.elementor-widget-heading .elementor-heading-title.elementor-size-medium{font-size:19px}.elementor-widget-heading .elementor-heading-title.elementor-size-large{font-size:29px}.elementor-widget-heading .elementor-heading-title.elementor-size-xl{font-size:39px}.elementor-widget-heading .elementor-heading-title.elementor-size-xxl{font-size:59px}<\/style>\n<h2>POL\u00cdTICA DE PRIVACIDAD<\/h2>\n<style>\/*! elementor - v3.15.0 - 20-08-2023 *\/\n.elementor-column .elementor-spacer-inner{height:var(--spacer-size)}.e-con{--container-widget-width:100%}.e-con-inner>.elementor-widget-spacer,.e-con>.elementor-widget-spacer{width:var(--container-widget-width,var(--spacer-size));--align-self:var(--container-widget-align-self,initial);--flex-shrink:0}.e-con-inner>.elementor-widget-spacer>.elementor-widget-container,.e-con-inner>.elementor-widget-spacer>.elementor-widget-container>.elementor-spacer,.e-con>.elementor-widget-spacer>.elementor-widget-container,.e-con>.elementor-widget-spacer>.elementor-widget-container>.elementor-spacer{height:100%}.e-con-inner>.elementor-widget-spacer>.elementor-widget-container>.elementor-spacer>.elementor-spacer-inner,.e-con>.elementor-widget-spacer>.elementor-widget-container>.elementor-spacer>.elementor-spacer-inner{height:var(--container-widget-height,var(--spacer-size))}<\/style>\n<h2>Pol\u00edtica de tratamiento de datos<\/h2>\n<p>Rococo se compromete a usar tus datos \u00fanica y exclusivamente para fines que tengan que ver con completar transacciones como: <\/p>\n<link rel=\"stylesheet\" href=\"https:\/\/rococoalternativo.com\/wp-content\/plugins\/elementor\/assets\/css\/widget-icon-list.min.css\">\n<ul>\n<li>\n\t\t\t\t\t\t\t\t\t\tProcesamiento de tarjetas de cr\u00e9dito, d\u00e9bito o direcci\u00f3n de env\u00edo.\n\t\t\t\t\t\t\t\t\t<\/li>\n<li>\n\t\t\t\t\t\t\t\t\t\tQue tu visita y navegaci\u00f3n en nuestra web sea \u00e1gil y segura\n\t\t\t\t\t\t\t\t\t<\/li>\n<li>\n\t\t\t\t\t\t\t\t\t\tEn ocasiones es posible que enviemos informaci\u00f3n sobre novedades, descuentos, cambios de colecci\u00f3n u otras actividades. Puedes desistir de recibir esta informaci\u00f3n cuando lo desees.\n\t\t\t\t\t\t\t\t\t<\/li>\n<\/ul>\n<h2>Pagos<\/h2>\n<p>Un aspecto clave en el comercio electr\u00f3nico es contar con una pasarela de pagos que permita procesar de forma segura las transacciones con las entidades bancarias.<\/p>\n<p>Por eso hemos decidido contar con MercadoPago, una de las pasarelas de pago m\u00e1s seguras que operan en Colombia, impulsando as\u00ed las compras en l\u00ednea haciendo que el proceso se realice de forma f\u00e1cil, c\u00f3moda y segura.<\/p>\n<p>MercadoPago, ofrece un modelo antifraude para garantizar que las compras sean seguras y que los datos personales y de pago de los clientes no est\u00e9n comprometidos al pagar desde el comercio electr\u00f3nico.<\/p>\n<p>Para mayor informaci\u00f3n haz click <a href=\"https:\/\/www.mercadopago.com.co\/privacidad\">aqu\u00ed<\/a><\/p>\n","protected":false},"excerpt":{"rendered":"<p>POL\u00cdTICA DE PRIVACIDAD Pol\u00edtica de tratamiento de datos Rococo se compromete a usar tus datos \u00fanica y exclusivamente para fines que tengan [&hellip;]<\/p>\n","protected":false},"author":1,"featured_media":0,"parent":0,"menu_order":0,"comment_status":"closed","ping_status":"open","template":"elementor_header_footer","meta":{"_joinchat":[],"footnotes":""},"class_list":["post-3","page","type-page","status-publish","hentry"],"_links":{"self":[{"href":"https:\/\/rococoalternativo.com\/index.php\/wp-json\/wp\/v2\/pages\/3"}],"collection":[{"href":"https:\/\/rococoalternativo.com\/index.php\/wp-json\/wp\/v2\/pages"}],"about":[{"href":"https:\/\/rococoalternativo.com\/index.php\/wp-json\/wp\/v2\/types\/page"}],"author":[{"embeddable":true,"href":"https:\/\/rococoalternativo.com\/index.php\/wp-json\/wp\/v2\/users\/1"}],"replies":[{"embeddable":true,"href":"https:\/\/rococoalternativo.com\/index.php\/wp-json\/wp\/v2\/comments?post=3"}],"version-history":[{"count":43,"href":"https:\/\/rococoalternativo.com\/index.php\/wp-json\/wp\/v2\/pages\/3\/revisions"}],"predecessor-version":[{"id":2302,"href":"https:\/\/rococoalternativo.com\/index.php\/wp-json\/wp\/v2\/pages\/3\/revisions\/2302"}],"wp:attachment":[{"href":"https:\/\/rococoalternativo.com\/index.php\/wp-json\/wp\/v2\/media?parent=3"}],"curies":[{"name":"wp","href":"https:\/\/api.w.org\/{rel}","templated":true}]}}