{"id":1271,"date":"2023-06-23T17:22:32","date_gmt":"2023-06-23T17:22:32","guid":{"rendered":"https:\/\/rococoalternativo.com\/?page_id=1271"},"modified":"2023-09-05T19:07:41","modified_gmt":"2023-09-05T19:07:41","slug":"cuidados","status":"publish","type":"page","link":"https:\/\/rococoalternativo.com\/index.php\/cuidados\/","title":{"rendered":"Cuidados"},"content":{"rendered":"<style>\/*! elementor - v3.15.0 - 20-08-2023 *\/\n.elementor-column .elementor-spacer-inner{height:var(--spacer-size)}.e-con{--container-widget-width:100%}.e-con-inner>.elementor-widget-spacer,.e-con>.elementor-widget-spacer{width:var(--container-widget-width,var(--spacer-size));--align-self:var(--container-widget-align-self,initial);--flex-shrink:0}.e-con-inner>.elementor-widget-spacer>.elementor-widget-container,.e-con-inner>.elementor-widget-spacer>.elementor-widget-container>.elementor-spacer,.e-con>.elementor-widget-spacer>.elementor-widget-container,.e-con>.elementor-widget-spacer>.elementor-widget-container>.elementor-spacer{height:100%}.e-con-inner>.elementor-widget-spacer>.elementor-widget-container>.elementor-spacer>.elementor-spacer-inner,.e-con>.elementor-widget-spacer>.elementor-widget-container>.elementor-spacer>.elementor-spacer-inner{height:var(--container-widget-height,var(--spacer-size))}<\/style>\n<style>\/*! elementor - v3.15.0 - 20-08-2023 *\/\n.elementor-heading-title{padding:0;margin:0;line-height:1}.elementor-widget-heading .elementor-heading-title[class*=elementor-size-]>a{color:inherit;font-size:inherit;line-height:inherit}.elementor-widget-heading .elementor-heading-title.elementor-size-small{font-size:15px}.elementor-widget-heading .elementor-heading-title.elementor-size-medium{font-size:19px}.elementor-widget-heading .elementor-heading-title.elementor-size-large{font-size:29px}.elementor-widget-heading .elementor-heading-title.elementor-size-xl{font-size:39px}.elementor-widget-heading .elementor-heading-title.elementor-size-xxl{font-size:59px}<\/style>\n<h2>Nuestros cuidados<\/h2>\n<p>Nuestros productos est\u00e1n elaborados en cuero aut\u00e9ntico y piezas met\u00e1licas de acero con ba\u00f1o de plata y oro para la bisuter\u00eda y zamak o aluminio para la marroquiner\u00eda.<\/p>\n<p>Al ser productos artesanales requieren cuidados especiales.&nbsp;<\/p>\n<p>\u00a1Sigue nuestros consejos y as\u00ed tendr\u00e1s accesorios hermosos por mucho tiempo!<\/p>\n<h2>Cuidados del cuero<\/h2>\n<link rel=\"stylesheet\" href=\"https:\/\/rococoalternativo.com\/wp-content\/plugins\/elementor\/assets\/css\/widget-icon-list.min.css\">\n<ul>\n<li>\n\t\t\t\t\t\t\t\t\t\tEvita su contacto con el agua. S\u00e9calo con un pa\u00f1o suave a temperatura ambiente y gu\u00e1rdalo en un lugar fresco, sin humedad.\n\t\t\t\t\t\t\t\t\t<\/li>\n<li>\n\t\t\t\t\t\t\t\t\t\t  Prot\u00e9gelo de la luz directa del sol.\n\t\t\t\t\t\t\t\t\t<\/li>\n<li>\n\t\t\t\t\t\t\t\t\t\t No lo limpies con cremas, jabones, alcoholes, perfumes u otras sustancias que puedan mancharlo. Usa \u00fanicamente productos especializados.\n\t\t\t\t\t\t\t\t\t<\/li>\n<li>\n\t\t\t\t\t\t\t\t\t\tCuando lo manipules, hazlo con las manos limpias.\n\t\t\t\t\t\t\t\t\t<\/li>\n<li>\n\t\t\t\t\t\t\t\t\t\tTen cuidado con elementos como tijeras, esferos, llaves o superficies \u00e1speras, as\u00ed como tintes, sustancias corrosivas o prendas como jean que decoloren y manchen, suelen generar da\u00f1os irreparables.\n\t\t\t\t\t\t\t\t\t<\/li>\n<\/ul>\n<style>\/*! elementor - v3.15.0 - 20-08-2023 *\/\n.elementor-widget-image{text-align:center}.elementor-widget-image a{display:inline-block}.elementor-widget-image a img[src$=\".svg\"]{width:48px}.elementor-widget-image img{vertical-align:middle;display:inline-block}<\/style>\n<p>\t\t\t\t\t\t\t\t\t\t\t\t<img decoding=\"async\" width=\"272\" height=\"300\" src=\"https:\/\/rococoalternativo.com\/wp-content\/uploads\/2023\/06\/15-PORTA-DOCUMENTOS-min-272x300.jpg\" alt=\"\" loading=\"lazy\" srcset=\"https:\/\/rococoalternativo.com\/wp-content\/uploads\/2023\/06\/15-PORTA-DOCUMENTOS-min-272x300.jpg 272w, https:\/\/rococoalternativo.com\/wp-content\/uploads\/2023\/06\/15-PORTA-DOCUMENTOS-min-928x1024.jpg 928w, https:\/\/rococoalternativo.com\/wp-content\/uploads\/2023\/06\/15-PORTA-DOCUMENTOS-min-768x848.jpg 768w, https:\/\/rococoalternativo.com\/wp-content\/uploads\/2023\/06\/15-PORTA-DOCUMENTOS-min-1392x1536.jpg 1392w, https:\/\/rococoalternativo.com\/wp-content\/uploads\/2023\/06\/15-PORTA-DOCUMENTOS-min-1855x2048.jpg 1855w, https:\/\/rococoalternativo.com\/wp-content\/uploads\/2023\/06\/15-PORTA-DOCUMENTOS-min-1000x1104.jpg 1000w, https:\/\/rococoalternativo.com\/wp-content\/uploads\/2023\/06\/15-PORTA-DOCUMENTOS-min-230x254.jpg 230w, https:\/\/rococoalternativo.com\/wp-content\/uploads\/2023\/06\/15-PORTA-DOCUMENTOS-min-350x386.jpg 350w, https:\/\/rococoalternativo.com\/wp-content\/uploads\/2023\/06\/15-PORTA-DOCUMENTOS-min-480x530.jpg 480w, https:\/\/rococoalternativo.com\/wp-content\/uploads\/2023\/06\/15-PORTA-DOCUMENTOS-min-420x464.jpg 420w, https:\/\/rococoalternativo.com\/wp-content\/uploads\/2023\/06\/15-PORTA-DOCUMENTOS-min-800x883.jpg 800w\" sizes=\"(max-width: 272px) 100vw, 272px\" \/>\t\t\t\t\t\t\t\t\t\t\t\t\t\t\t<\/p>\n<h2>Cuidados de la bisuter\u00eda<\/h2>\n<ul>\n<li>\n\t\t\t\t\t\t\t\t\t\tEvita usarlos durante tus quehaceres dom\u00e9sticos, rutinas de ejercicio, mientras duermes o cualquier otra actividad similar.\n\t\t\t\t\t\t\t\t\t<\/li>\n<li>\n\t\t\t\t\t\t\t\t\t\tEvita su contacto con agua, perfumes, cremas, jabones, alcoholes y otras sustancias que puedan mancharlos. Si llegan a mojarse, s\u00e9calos lo m\u00e1s pronto posible\n\t\t\t\t\t\t\t\t\t<\/li>\n<li>\n\t\t\t\t\t\t\t\t\t\tL\u00edmpialos con un pa\u00f1o suave y seco (microfibra). Tr\u00e1talos con cuidado, son piezas delicadas\n\t\t\t\t\t\t\t\t\t<\/li>\n<li>\n\t\t\t\t\t\t\t\t\t\tGu\u00e1rdalos en un lugar seco, preferiblemente separados de otros accesorios\n\t\t\t\t\t\t\t\t\t<\/li>\n<\/ul>\n<p>\t\t\t\t\t\t\t\t\t\t\t\t\t\t\t<img decoding=\"async\" width=\"300\" height=\"300\" src=\"https:\/\/rococoalternativo.com\/wp-content\/uploads\/2023\/06\/06-ARETES-min-300x300.png\" alt=\"\" loading=\"lazy\" srcset=\"https:\/\/rococoalternativo.com\/wp-content\/uploads\/2023\/06\/06-ARETES-min-300x300.png 300w, https:\/\/rococoalternativo.com\/wp-content\/uploads\/2023\/06\/06-ARETES-min-1024x1024.png 1024w, https:\/\/rococoalternativo.com\/wp-content\/uploads\/2023\/06\/06-ARETES-min-150x150.png 150w, https:\/\/rococoalternativo.com\/wp-content\/uploads\/2023\/06\/06-ARETES-min-768x768.png 768w, https:\/\/rococoalternativo.com\/wp-content\/uploads\/2023\/06\/06-ARETES-min-1536x1536.png 1536w, https:\/\/rococoalternativo.com\/wp-content\/uploads\/2023\/06\/06-ARETES-min-2048x2048.png 2048w, https:\/\/rococoalternativo.com\/wp-content\/uploads\/2023\/06\/06-ARETES-min-1000x1000.png 1000w, https:\/\/rococoalternativo.com\/wp-content\/uploads\/2023\/06\/06-ARETES-min-230x230.png 230w, https:\/\/rococoalternativo.com\/wp-content\/uploads\/2023\/06\/06-ARETES-min-350x350.png 350w, https:\/\/rococoalternativo.com\/wp-content\/uploads\/2023\/06\/06-ARETES-min-480x480.png 480w, https:\/\/rococoalternativo.com\/wp-content\/uploads\/2023\/06\/06-ARETES-min-420x420.png 420w, https:\/\/rococoalternativo.com\/wp-content\/uploads\/2023\/06\/06-ARETES-min-800x800.png 800w, https:\/\/rococoalternativo.com\/wp-content\/uploads\/2023\/06\/06-ARETES-min-100x100.png 100w\" sizes=\"(max-width: 300px) 100vw, 300px\" \/><\/p>\n","protected":false},"excerpt":{"rendered":"<p>Nuestros cuidados Nuestros productos est\u00e1n elaborados en cuero aut\u00e9ntico y piezas met\u00e1licas de acero con ba\u00f1o de plata y oro para la [&hellip;]<\/p>\n","protected":false},"author":1,"featured_media":0,"parent":0,"menu_order":0,"comment_status":"closed","ping_status":"closed","template":"elementor_header_footer","meta":{"_joinchat":[],"footnotes":""},"class_list":["post-1271","page","type-page","status-publish","hentry"],"_links":{"self":[{"href":"https:\/\/rococoalternativo.com\/index.php\/wp-json\/wp\/v2\/pages\/1271"}],"collection":[{"href":"https:\/\/rococoalternativo.com\/index.php\/wp-json\/wp\/v2\/pages"}],"about":[{"href":"https:\/\/rococoalternativo.com\/index.php\/wp-json\/wp\/v2\/types\/page"}],"author":[{"embeddable":true,"href":"https:\/\/rococoalternativo.com\/index.php\/wp-json\/wp\/v2\/users\/1"}],"replies":[{"embeddable":true,"href":"https:\/\/rococoalternativo.com\/index.php\/wp-json\/wp\/v2\/comments?post=1271"}],"version-history":[{"count":190,"href":"https:\/\/rococoalternativo.com\/index.php\/wp-json\/wp\/v2\/pages\/1271\/revisions"}],"predecessor-version":[{"id":2290,"href":"https:\/\/rococoalternativo.com\/index.php\/wp-json\/wp\/v2\/pages\/1271\/revisions\/2290"}],"wp:attachment":[{"href":"https:\/\/rococoalternativo.com\/index.php\/wp-json\/wp\/v2\/media?parent=1271"}],"curies":[{"name":"wp","href":"https:\/\/api.w.org\/{rel}","templated":true}]}}