{"id":10,"date":"2023-06-26T20:55:13","date_gmt":"2023-06-26T20:55:13","guid":{"rendered":"https:\/\/rococoalternativo.com\/?page_id=10"},"modified":"2023-09-05T19:20:06","modified_gmt":"2023-09-05T19:20:06","slug":"cambios-garantias-devoluciones","status":"publish","type":"page","link":"https:\/\/rococoalternativo.com\/index.php\/cambios-garantias-devoluciones\/","title":{"rendered":"Cambios, garant\u00edas y devoluciones"},"content":{"rendered":"<style>\/*! elementor - v3.15.0 - 20-08-2023 *\/\n.elementor-heading-title{padding:0;margin:0;line-height:1}.elementor-widget-heading .elementor-heading-title[class*=elementor-size-]>a{color:inherit;font-size:inherit;line-height:inherit}.elementor-widget-heading .elementor-heading-title.elementor-size-small{font-size:15px}.elementor-widget-heading .elementor-heading-title.elementor-size-medium{font-size:19px}.elementor-widget-heading .elementor-heading-title.elementor-size-large{font-size:29px}.elementor-widget-heading .elementor-heading-title.elementor-size-xl{font-size:39px}.elementor-widget-heading .elementor-heading-title.elementor-size-xxl{font-size:59px}<\/style>\n<h2>CAMBIOS, GARANTIAS Y DEVOLUCIONES<\/h2>\n<style>\/*! elementor - v3.15.0 - 20-08-2023 *\/\n.elementor-column .elementor-spacer-inner{height:var(--spacer-size)}.e-con{--container-widget-width:100%}.e-con-inner>.elementor-widget-spacer,.e-con>.elementor-widget-spacer{width:var(--container-widget-width,var(--spacer-size));--align-self:var(--container-widget-align-self,initial);--flex-shrink:0}.e-con-inner>.elementor-widget-spacer>.elementor-widget-container,.e-con-inner>.elementor-widget-spacer>.elementor-widget-container>.elementor-spacer,.e-con>.elementor-widget-spacer>.elementor-widget-container,.e-con>.elementor-widget-spacer>.elementor-widget-container>.elementor-spacer{height:100%}.e-con-inner>.elementor-widget-spacer>.elementor-widget-container>.elementor-spacer>.elementor-spacer-inner,.e-con>.elementor-widget-spacer>.elementor-widget-container>.elementor-spacer>.elementor-spacer-inner{height:var(--container-widget-height,var(--spacer-size))}<\/style>\n<h2>      Garant\u00eda:<\/h2>\n<link rel=\"stylesheet\" href=\"https:\/\/rococoalternativo.com\/wp-content\/plugins\/elementor\/assets\/css\/widget-icon-list.min.css\">\n<ul>\n<li>\n\t\t\t\t\t\t\t\t\t\tNuestros productos est\u00e1n elaborados en cuero aut\u00e9ntico y piezas met\u00e1licas de acero con ba\u00f1o plata y oro para la bisuter\u00eda y zamak o aluminio para la marroquiner\u00eda. Al ser productos artesanales requieren cuidados especiales descritos en cada empaque y en esta p\u00e1gina. Nos hacemos responsables por da\u00f1os en el cuero como despegado o problemas con la flor del cuero (capa superior o pintura).\n\t\t\t\t\t\t\t\t\t<\/li>\n<li>\n\t\t\t\t\t\t\t\t\t\tNo nos hacemos responsables del desgaste natural del herraje o peladuras por uso constante.\n\t\t\t\t\t\t\t\t\t<\/li>\n<li>\n\t\t\t\t\t\t\t\t\t\tEn condiciones de uso normales, la garant\u00eda de las piezas es de dos meses, que se cuenta desde el d\u00eda en que fue entregado el producto.\n\t\t\t\t\t\t\t\t\t<\/li>\n<li>\n\t\t\t\t\t\t\t\t\t\tSi el accesorio tiene alg\u00fan defecto de f\u00e1brica ser\u00e1 sustituido por uno igual o de valor similar, sin costo alguno. Para ello, se debe presentar el soporte de la compra y enviar una fotograf\u00eda del producto al correo electr\u00f3nico: rococoalternativo@hotmail.com o al WhatsApp (+57) 3132683305.\n\t\t\t\t\t\t\t\t\t<\/li>\n<li>\n\t\t\t\t\t\t\t\t\t\tRococo no da garant\u00eda en accesorios que evidencien mal uso, ni da\u00f1os ocasionados por intervenciones ajenas.\n\t\t\t\t\t\t\t\t\t<\/li>\n<\/ul>\n<h2>      Devoluciones:<\/h2>\n<ul>\n<li>\n\t\t\t\t\t\t\t\t\t\tRococo acepta la devoluci\u00f3n o el cambio de art\u00edculos sin usar y en perfecto estado dentro de los 5 d\u00edas siguientes a la fecha de entrega.\n\t\t\t\t\t\t\t\t\t<\/li>\n<li>\n\t\t\t\t\t\t\t\t\t\tPara que la devoluci\u00f3n sea validada, se debe conservar el soporte de compra y enviar una fotograf\u00eda del producto al correo electr\u00f3nico: rococoalternativo@hotmail.com o al WhatsApp (+57) 3132683305, indicando el motivo de la devoluci\u00f3n.\n\t\t\t\t\t\t\t\t\t<\/li>\n<li>\n\t\t\t\t\t\t\t\t\t\tEs obligatorio que el art\u00edculo este en el empaque original, guardando las mismas condiciones en que fue recibido.\n\t\t\t\t\t\t\t\t\t<\/li>\n<li>\n\t\t\t\t\t\t\t\t\t\tLa direcci\u00f3n para hacer llegar el art\u00edculo de vuelta es: Carrera 5 # 39-45, en Tunja, Boyac\u00e1, a nombre de Paola Monroy. Los costos de env\u00edo son asumidos por el cliente.\n\t\t\t\t\t\t\t\t\t<\/li>\n<li>\n\t\t\t\t\t\t\t\t\t\tLos productos en descuento no tienen cambio.\n\t\t\t\t\t\t\t\t\t<\/li>\n<\/ul>\n","protected":false},"excerpt":{"rendered":"<p>CAMBIOS, GARANTIAS Y DEVOLUCIONES Garant\u00eda: Nuestros productos est\u00e1n elaborados en cuero aut\u00e9ntico y piezas met\u00e1licas de acero con ba\u00f1o plata y oro [&hellip;]<\/p>\n","protected":false},"author":1,"featured_media":0,"parent":0,"menu_order":0,"comment_status":"closed","ping_status":"closed","template":"elementor_header_footer","meta":{"_joinchat":[],"footnotes":""},"class_list":["post-10","page","type-page","status-publish","hentry"],"_links":{"self":[{"href":"https:\/\/rococoalternativo.com\/index.php\/wp-json\/wp\/v2\/pages\/10"}],"collection":[{"href":"https:\/\/rococoalternativo.com\/index.php\/wp-json\/wp\/v2\/pages"}],"about":[{"href":"https:\/\/rococoalternativo.com\/index.php\/wp-json\/wp\/v2\/types\/page"}],"author":[{"embeddable":true,"href":"https:\/\/rococoalternativo.com\/index.php\/wp-json\/wp\/v2\/users\/1"}],"replies":[{"embeddable":true,"href":"https:\/\/rococoalternativo.com\/index.php\/wp-json\/wp\/v2\/comments?post=10"}],"version-history":[{"count":43,"href":"https:\/\/rococoalternativo.com\/index.php\/wp-json\/wp\/v2\/pages\/10\/revisions"}],"predecessor-version":[{"id":2299,"href":"https:\/\/rococoalternativo.com\/index.php\/wp-json\/wp\/v2\/pages\/10\/revisions\/2299"}],"wp:attachment":[{"href":"https:\/\/rococoalternativo.com\/index.php\/wp-json\/wp\/v2\/media?parent=10"}],"curies":[{"name":"wp","href":"https:\/\/api.w.org\/{rel}","templated":true}]}}